{"id":6154,"date":"2021-11-30T14:30:32","date_gmt":"2021-11-30T14:30:32","guid":{"rendered":"https:\/\/puidukeemia.ee\/biokeemia\/?page_id=6154"},"modified":"2025-12-08T12:19:34","modified_gmt":"2025-12-08T12:19:34","slug":"members","status":"publish","type":"page","link":"https:\/\/biokeemiaselts.ee\/en\/members\/","title":{"rendered":"Members"},"content":{"rendered":"<p>Membership:<\/p>\n<p>Every person, who is interested in biochemistry or in related subject, works in Estonia or has some scientific contact with Estonian Institutions, can apply for membership in Estonian Biochemical Society. For membership the applicant has to send the application and their CV to the President of the Society, who is taking the final decision about requested membership.<\/p>\n<p>In 2025 our society has 97 members formed by 79 acting and 18 student members.<\/p>\n<p>Membership forms:<\/p>\n<p>Acting member &#8211; any person, who has university education in biochemistry or in some related subject, may be accepted as acting member.<br \/>\nStudent member &#8211; any student, who has biochemistry or some related subject in her\/his curriculum may be accepted as student member.<br \/>\nSupporting member &#8211; every person, who is supporting the activity of the Estonian Biochemical Society may be accepted as supporting member.<\/p>\n<p><strong>The annual fee for Acting and Supporting members\u00a0is 10 euros and for Student members 5 euros.<\/strong><br \/>\nThe dues are paid for by the Estonian Biochemical Societys bank account EE811010220014392011 in SEB.<br \/>\nThis years membership fee payment deadline is 31st December.<\/p>\n<h3>Estonian Biochemical Society members<\/h3>\n<p>Erik Abner<br \/>\nJekaterina Aid-Vanakova<br \/>\nAnni Allikalt<br \/>\nGiuseppe Leonardo Auditano<br \/>\nRikke Birkedal<br \/>\nRenu Geetha Bai<br \/>\nPriit Eek<br \/>\nErki Enkvist<br \/>\nKarin Ernits<br \/>\nJoachim Gerhold<br \/>\nUku Haljasorg<br \/>\nMariliis Hinnu<br \/>\nKaspar Hollo<br \/>\nHeili Ilves<br \/>\nOlga Jasnovidova<br \/>\nJolanta Jonane<br \/>\nJaak J\u00e4rv<br \/>\nIvar J\u00e4rving<br \/>\nJ\u00fcri Jarvet<br \/>\nEkaterina Kabin<br \/>\nCeslava Kairane<br \/>\nIvan Kisly<br \/>\nSigrid Kirss<br \/>\nRait Kivi<br \/>\nLjudmila Klepinina<br \/>\nPriit Kogerman<br \/>\nRiin Kont<br \/>\nIndrek Koppel<br \/>\nMarie Kriisa<br \/>\nKadri Krips<br \/>\nMattias Kaspar Kr\u00f5lov<br \/>\nKaia Kukk<br \/>\nOlga Kukk<br \/>\nSiim Kukk<br \/>\nSilja Kuusk<br \/>\nAleksei Kuznetsov<br \/>\nKarl Rene K\u00f5lvart<br \/>\nTuuli K\u00e4\u00e4mbre<br \/>\nT\u00f5nis Laasfeld<br \/>\nPetri-Jaan Lahtvee<br \/>\nKatrina Laks<br \/>\n\u00dclo Langel<br \/>\nDarja Lav\u00f5gina<br \/>\nReet Link<br \/>\nAnnemari Linno<br \/>\nInna Lipova<br \/>\nMaarja Lipp<br \/>\nTiit Lukk<br \/>\nHelike L\u00f5helaid<br \/>\nSurabhi Mahajan<br \/>\nRiina Mahlapuu<br \/>\nOleksandr Mazur<br \/>\nElo Meriste<br \/>\nDanilo Mladenovic<br \/>\nEve-Ly Ojangu<br \/>\nPeep Palumaa<br \/>\nSiim Pauklin<br \/>\nMargus Pooga<br \/>\nMartin Pook<br \/>\nHegne Pupart<br \/>\nMarju Puurand<br \/>\nLy Porosk<br \/>\nHedi Rahnel<br \/>\nAl\u012bna Re\u0137\u0113na<br \/>\nAnette Reinapu<br \/>\nLeenu Reinsalu<br \/>\nAgo Rinken<br \/>\nRobert Risti<br \/>\nOlivia-Stella Salm<br \/>\nNigulas Samel<br \/>\nOtt Scheler<br \/>\nJuhan Sedman<br \/>\nNaatan Seeba<br \/>\nJ\u00fcri Siigur<br \/>\nGertrud Sildnik<br \/>\nSirelin Sillamaa<br \/>\nAnni Simon<br \/>\nJulia Smirnova<br \/>\nIgor \u0160evt\u0161uk<br \/>\nTiina Tamm<br \/>\nTarvi Teder<br \/>\nKersti Tepp<br \/>\nNatalja Timohhina<br \/>\nVello T\u00f5ugu<br \/>\nAsko Uri<br \/>\nKaspar Valgepea<br \/>\nKarin Valmsen<br \/>\nSteven Axel van der Hoek<br \/>\nInge Varik<br \/>\nDarja Vast\u0161jonok<br \/>\nHans Vellamaa<br \/>\nSigne V\u00e4rv<br \/>\nAgne Velthut-Meikas<br \/>\nKaido Viht<br \/>\nLy Villo<br \/>\nMihkel Zilmer<br \/>\nKairit Zovo<br \/>\nEva Zusinaite<\/p>\n","protected":false},"excerpt":{"rendered":"<p>Membership: Every person, who is interested in biochemistry or in related subject, works in Estonia or has some scientific contact with Estonian Institutions, can apply for membership in Estonian Biochemical&#8230;<\/p>\n","protected":false},"author":2,"featured_media":0,"parent":0,"menu_order":0,"comment_status":"closed","ping_status":"closed","template":"","meta":[],"_links":{"self":[{"href":"https:\/\/biokeemiaselts.ee\/en\/wp-json\/wp\/v2\/pages\/6154"}],"collection":[{"href":"https:\/\/biokeemiaselts.ee\/en\/wp-json\/wp\/v2\/pages"}],"about":[{"href":"https:\/\/biokeemiaselts.ee\/en\/wp-json\/wp\/v2\/types\/page"}],"author":[{"embeddable":true,"href":"https:\/\/biokeemiaselts.ee\/en\/wp-json\/wp\/v2\/users\/2"}],"replies":[{"embeddable":true,"href":"https:\/\/biokeemiaselts.ee\/en\/wp-json\/wp\/v2\/comments?post=6154"}],"version-history":[{"count":29,"href":"https:\/\/biokeemiaselts.ee\/en\/wp-json\/wp\/v2\/pages\/6154\/revisions"}],"predecessor-version":[{"id":6793,"href":"https:\/\/biokeemiaselts.ee\/en\/wp-json\/wp\/v2\/pages\/6154\/revisions\/6793"}],"wp:attachment":[{"href":"https:\/\/biokeemiaselts.ee\/en\/wp-json\/wp\/v2\/media?parent=6154"}],"curies":[{"name":"wp","href":"https:\/\/api.w.org\/{rel}","templated":true}]}}